{"id":236,"date":"2021-03-20T23:25:46","date_gmt":"2021-03-20T14:25:46","guid":{"rendered":"https:\/\/tsunagu.jpf.go.jp\/?page_id=236"},"modified":"2023-03-30T19:50:42","modified_gmt":"2023-03-30T17:50:42","slug":"datenschutzerklaerung","status":"publish","type":"page","link":"https:\/\/tsunagu.jpf.go.jp\/de\/datenschutzerklaerung\/","title":{"rendered":"Datenschutzerkl\u00e4rung"},"content":{"rendered":"<div class=\"vce-row-container\"><div class=\"vce-row vce-row--col-gap-0 vce-row-equal-height vce-row-content--top\" data-vce-full-width=\"true\" id=\"el-5020a746\" data-vce-do-apply=\"all el-5020a746\"><div class=\"vce-row-content\" data-vce-element-content=\"true\"><div class=\"vce-col vce-col--md-auto vce-col--xs-1 vce-col--xs-last vce-col--xs-first vce-col--sm-last vce-col--sm-first vce-col--md-last vce-col--lg-last vce-col--xl-last vce-col--md-first vce-col--lg-first vce-col--xl-first\" id=\"el-95de6f75\"><div class=\"vce-col-inner\" data-vce-do-apply=\"border margin background  el-95de6f75\"><div class=\"vce-col-content\" data-vce-element-content=\"true\" data-vce-do-apply=\"padding el-95de6f75\"><div class=\"vce-row-container\" data-vce-boxed-width=\"true\"><div class=\"vce-row vce-row--col-gap-0 wrapper vce-row-equal-height vce-row-content--top\" id=\"el-929f45b8\" data-vce-do-apply=\"all el-929f45b8\"><div class=\"vce-row-content\" data-vce-element-content=\"true\"><div class=\"vce-col vce-col--md-auto vce-col--xs-1 vce-col--xs-last vce-col--xs-first vce-col--sm-last vce-col--sm-first vce-col--md-last vce-col--lg-last vce-col--xl-last vce-col--md-first vce-col--lg-first vce-col--xl-first\" id=\"el-e64b5e26\"><div class=\"vce-col-inner\" data-vce-do-apply=\"border margin background  el-e64b5e26\"><div class=\"vce-col-content\" data-vce-element-content=\"true\" data-vce-do-apply=\"padding el-e64b5e26\"><div class=\"vce-text-block bgwh\"><div class=\"vce-text-block-wrapper vce\" id=\"el-4be5e6dd\" data-vce-do-apply=\"all el-4be5e6dd\"><p>Vielen Dank f\u00fcr Ihren Besuch auf der Webseite des Japanischen Kulturinstitutes. Im Rahmen der Anmeldung und des Versandes des Newsletters, f\u00fcr die Nutzung der Portfolio-Dateien sammelt und verarbeitet das JKI personenbezogene Daten. Der Schutz und die Sicherheit Ihrer Daten ist dabei auch f\u00fcr das JKI von gr\u00f6\u00dftem Interesse. Die Verarbeitung Ihrer Daten erfolgt dabei auf der Grundlage der DSGVO. In der folgenden Datenschutzerkl\u00e4rung m\u00f6chten wir Sie genau dar\u00fcber aufkl\u00e4ren, welche Daten von uns erhoben werden und wie diese verarbeitet werden.<\/p><\/div><\/div><div class=\"vce-text-block bgwh\"><div class=\"vce-text-block-wrapper vce\" id=\"el-bfd72ce4\" data-vce-do-apply=\"all el-bfd72ce4\"><section><h3 class=\"align-center\">DATENSCHUTZHINWEISE F\u00dcR DIE MITGLIEDERVERWALTUNG DER WEBSEITE<\/h3><p class=\"align-center\"><em>\u2013 Informationen nach Art. 13, 14 und 21 der Datenschutz-Grundverordnung (DSGVO) \u2013<\/em><\/p><p>Liebe Interessentinnen und Interessenten,<\/p><p>nachfolgend informieren wir Sie \u00fcber die Verarbeitung Ihrer personenbezogenen Daten (Art. 4 Nr. 2 DSGVO) im Zusammenhang mit der Mitgliederverwaltung der Webseite tsunagu.jpf.go.jp. In diesem Informationsblatt finden Sie Hinweise zum Umgang mit Ihren personenbezogenen Daten und die Ihnen nach den datenschutzrechtlichen Regelungen zustehenden Anspr\u00fcche und Rechte.<\/p><h4>1. Wer ist f\u00fcr die Datenverarbeitung verantwortlich und an wen kann ich mich wenden?<\/h4><p>Verantwortlich f\u00fcr die Verarbeitung Ihrer personenbezogenen Daten ist:<br>Japanisches Kulturinstitut, Universit\u00e4tsstra\u00dfe 98, 50674 K\u00f6ln<\/p><p>Sie erreichen den betrieblichen Datenschutzbeauftragten unter:<br>Japanisches Kulturinstitut, Universit\u00e4tsstra\u00dfe 98, 50674 K\u00f6ln oder E-Mail: toiawase[at]tsunagu.jpf.go.jp<\/p><h4>2. Verarbeitete Daten und dazugeh\u00f6rige Quellen<\/h4><p>Im Rahmen der Mitgliederverwaltung verarbeiten wir die folgenden Daten bzw. Kategorien von Daten:<\/p><h5>a) Daten, die wir von Ihnen im Rahmen der Registrierung erhalten haben<\/h5><p>Wir verarbeiten folgende Daten bzw. Kategorien von Daten, die wir von Ihnen direkt erhalten haben:<\/p><ul><li>\u30fbStammdaten (Name, Benutzername, E-Mail Adresse)<\/li><li><span style=\"font-size: 17.6px;\">\u30fb<\/span>Nutzungsdaten (z.B. IP Adresse, die aufgerufene Website, Datum und Uhrzeit des Abrufs)<\/li><li><span style=\"font-size: 17.6px;\">\u30fb<\/span>Datenschutzrechtliche Erkl\u00e4rungen:<ul><li>&nbsp; &nbsp;- Einwilligungserkl\u00e4rungen zur Verarbeitung von personenbezogenen Daten;<\/li><li>&nbsp; &nbsp;- Erkl\u00e4rungen zum Widerruf etwaiger von Ihnen erteilter Einwilligungen;<\/li><li>&nbsp; &nbsp;- Erkl\u00e4rungen zum Widerspruch gegen die Verarbeitung personenbezogener Daten;<\/li><li>&nbsp; &nbsp;- Erkl\u00e4rungen zur Geltendmachung Ihrer Rechte auf Auskunft, Berichtigung, L\u00f6schung, Einschr\u00e4nkung der Verarbeitung, Daten\u00fcbertragbarkeit einschlie\u00dflich der Informationen, die Sie uns bei der Geltendmachung Ihrer Rechte mitteilen.<\/li><\/ul><\/li><\/ul><h5>b) Daten, die wir von Dritten erhalten<\/h5><p>Wir verarbeiten keine Daten bzw. Kategorien von Daten, die wir von Dritten erhalten.<\/p><h4>3. Wie lange werden meine Daten gespeichert?<\/h4><p>Wir speichern Ihre Daten nur so lange bis Sie die Mitgliedschaft k\u00fcndigen.<\/p><h4>4. Zu welchen Zwecken verarbeiten wir Ihre Daten und auf welcher Rechtsgrundlage?<\/h4><p>Wir verarbeiten Ihre personenbezogenen Daten im Einklang mit den Bestimmungen der Europ\u00e4ischen Datenschutz-Grundverordnung (DSGVO) und dem Bundesdatenschutzgesetz (BDSG) zu verschiedenen Zwecken. Grunds\u00e4tzlich kommen als Zwecke der Verarbeitung in Betracht: Die Verarbeitung zur Anbahnung und Durchf\u00fchrung von Vertragsverh\u00e4ltnissen (Art. 6 Abs. 1 lit. b) DSGVO), aufgrund gesetzlicher Vorgaben (Art. 6 Abs. 1 lit c) DSGVO, zur Wahrung berechtigter Interessen (Art. 6 Abs. 1 lit. f DSGVO), aufgrund Ihrer Einwilligung (Art. 6 Abs. 1 lit. a) DSGVO). Die weiteren Einzelheiten zum Zweck der Datenverarbeitung k\u00f6nnen Sie der untenstehenden Liste entnehmen.<\/p><ul><li style=\"padding: 1rem 0;\"><strong>Zweck \/ berechtigtes Interesse<\/strong>: Mitgliedschaftverwaltung <br><strong>Verarbeitete Daten bzw. Kategorie von Daten<\/strong>: Stammdaten <br><strong>Rechtsgrundlage(n)<\/strong>: Art. 6 Abs. 1 lit f DSGVO<\/li><li style=\"padding: 1rem 0;\"><strong>Zweck \/ berechtigtes Interesse<\/strong>: Kontaktaufnahme <br><strong>Verarbeitete Daten bzw. Kategorie von Daten<\/strong>: Stammdaten <br><strong>Rechtsgrundlage(n)<\/strong>: Art. 6 Abs. 1 lit f DSGVO<\/li><li style=\"padding: 1rem 0;\"><strong>Zweck \/ berechtigtes Interesse<\/strong>: Betroffenenrechtemanagement (Bearbeiter von Anfragen betroffener Personen zu Auskunft, Berichtigung, L\u00f6schung, Einschr\u00e4nkung der Verarbeitung und Daten\u00fcbertragbarkeit zur Erf\u00fcllung der datenschutzrechtlichen Rechte der betroffenen Personen) <br><strong>Verarbeitete Daten bzw. Kategorie von Daten<\/strong>: Alle Daten bzw. Kategorien von Daten, die Gegenstand der jeweiligen Anfrage sind. <br><strong>Rechtsgrundlage(n)<\/strong>: Art. 6 Abs. 1 lit.c DSGVO<\/li><\/ul><h4>5. Wer bekommt meine Daten?<\/h4><p>Innerhalb des Japanischen Kulturinstituts und dem Team Motto Tsunagu, Mitverwalter der Webseite, erhalten nur diejenigen Stellen Ihre Daten, die mit der Mitgliederverwaltung betraut sind. Als Webhoster wird Hosteurope&nbsp;verwendet. Ihre Daten werden dabei an die Host Europe GmbH, Hansestrasse 111, 51149 K\u00f6ln \u00fcbermittelt. Host Europe ist es dabei untersagt, Ihre Daten zu verkaufen und f\u00fcr andere Zwecke, als f\u00fcr die Speicherung der Mitgliederinformation zu nutzen. Zum Schutze Ihrer Daten haben wir mit Host Europe&nbsp;einen Vertrag zur Auftragsverarbeitung nach Art. 28 DSGVO abgeschlossen. Host Europe ist ein deutscher, zertifizierter Anbieter, welcher nach den Anforderungen der Datenschutz-Grundverordnung und des Bundesdatenschutzgesetzes ausgew\u00e4hlt wurde. Weitere Informationen finden Sie hier:&nbsp;<a href=\"https:\/\/www.hosteurope.de\/AGB\/Datenschutzerklaerung\/\" target=\"_blank\" rel=\"noopener\">https:\/\/www.hosteurope.de\/AGB\/Datenschutzerklaerung\/<\/a><\/p><h4>6. Werden Daten in ein Drittland oder an eine internationale Organisation \u00fcbermittelt?<\/h4><p>Nein, Ihre Daten werden nicht in ein Drittland oder an eine internationale Organisation \u00fcbermittelt.<\/p><h4>7. Besteht f\u00fcr mich eine Pflicht zur Bereitstellung von Daten?<\/h4><p>Es besteht f\u00fcr Sie keine Pflicht zur Bereitstellung von Daten. Ohne die Bereitstellung der Daten k\u00f6nnen Sie aber die Mitgliederfunktionen unserer Homepage nicht nutzen.<\/p><h4>8. Inwieweit gibt es eine automatisierte Entscheidungsfindung im Einzelfall?<\/h4><p>Unsere Entscheidungsfindungen beruhen nicht auf einer automatisierten Verarbeitung gem\u00e4\u00df Artikel 22 DSGVO.<\/p><h4>9. Inwieweit werden meine Daten f\u00fcr die Profilbildung genutzt?<\/h4><p>Ihre Daten werden nicht zu einer Profilbildung (Profiling) genutzt. Profiling ist jede Art der automatisierten Verarbeitung personenbezogener Daten, die darin besteht, dass diese Daten verwendet werden, um bestimmte pers\u00f6nliche Aspekte zu analysieren oder vorherzusagen.<\/p><h4>10. Welche Datenschutzrechte habe ich?<\/h4><p>Jede betroffene Person hat das Recht auf&nbsp;<strong>Auskunft<\/strong>&nbsp;nach Art. 15 DSGVO, das Recht auf&nbsp;<strong>Berichtigung<\/strong>&nbsp;nach Art. 16 DSGVO, das Recht auf&nbsp;<strong>L\u00f6schung<\/strong>&nbsp;nach Art. 17 DSGVO, das Recht auf&nbsp;<strong>Einschr\u00e4nkung der Verarbeitung<\/strong>&nbsp;nach Art. 18 DSGVO sowie das Recht auf&nbsp;<strong>Daten\u00fcbertragbarkeit<\/strong>&nbsp;nach Art. 20 DSGVO. Zur Aus\u00fcbung der vorgenannten Rechte k\u00f6nnen Sie sich an die im Abschnitt \u2013 Allgemeine Informationen \u201eWer ist f\u00fcr die Datenverarbeitung verantwortlich und an wen kann ich mich wenden?\u201c genannten Stellen wenden. Soweit die Verarbeitung Ihrer personenbezogenen Daten zur Wahrnehmung unserer berechtigten Interessen gem\u00e4\u00df Art. 6 Abs. 1 lit. f) DSGVO erfolgt, k\u00f6nnen Sie dieser Verarbeitung nach Ma\u00dfgabe der gesetzlichen Vorgaben in Art. 21 DSGVO widersprechen. Weitere Hinweise zu Ihrem Widerspruchsrecht finden Sie am Ende dieser Datenschutzhinweise in der \u201eInformation \u00fcber Ihr Widerspruchsrecht nach Artikel 21 DSGVO\u201c. Dar\u00fcber hinaus besteht ein Beschwerderecht bei einer Datenschutzaufsichtsbeh\u00f6rde (Art. 77 DSGVO), wenn Sie der Ansicht sind, dass die Verarbeitung Ihrer personenbezogenen Daten nicht rechtm\u00e4\u00dfig erfolgt. Das Beschwerderecht besteht unbeschadet eines anderweitigen verwaltungsrechtlichen oder gerichtlichen Rechtsbehelfs. Die f\u00fcr unser Unternehmen zust\u00e4ndige Datenschutzaufsichtsbeh\u00f6rde ist: Landesbeauftragte f\u00fcr Datenschutz und Informationsfreiheit Nordrhein-Westfalen (LDI NRW), Kavalleriestr. 2-4, 40213 D\u00fcsseldorf.<\/p><h4 class=\"align-center\">Information \u00fcber Ihr Widerspruchsrecht nach Art. 21 Datenschutz-Grundverordnung (DSGVO)<\/h4><p>Sie haben das Recht, aus Gr\u00fcnden, die sich aus Ihrer besonderen Situation ergeben, jederzeit gegen die Verarbeitung Sie betreffender personenbezogener Daten, die aufgrund von Artikel 6 Abs. 1 lit. f) der DSGVO (Datenverarbeitung auf der Grundlage einer Interessenabw\u00e4gung) erfolgt, Widerspruch einzulegen; dies gilt auch f\u00fcr ein etwaiges auf diese Bestimmung gest\u00fctztes Profiling im Sinne von Artikel 4 Nr. 4 DSGVO. Legen Sie Widerspruch ein, werden wir Ihre personenbezogenen Daten nicht mehr verarbeiten, es sei denn, wir k\u00f6nnen zwingende schutzw\u00fcrdige Gr\u00fcnde f\u00fcr die Verarbeitung nachweisen, die Ihre Interessen, Rechte und Freiheiten \u00fcberwiegen, oder die Verarbeitung dient der Geltendmachung, Aus\u00fcbung oder Verteidigung von Rechtsanspr\u00fcchen. Der Widerspruch kann formfrei erfolgen und sollte m\u00f6glichst an die in den Datenschutzhinweisen im Abschnitt - \u201eWer ist f\u00fcr die Datenverarbeitung verantwortlich und an wen kann ich mich wenden?\u201c genannten Stellen gerichtet werden.<\/p><\/section><\/div><\/div><div class=\"vce-text-block bgwh\"><div class=\"vce-text-block-wrapper vce\" id=\"el-396f09d7\" data-vce-do-apply=\"all el-396f09d7\"><section>\n<h3 class=\"align-center\">DATENSCHUTZHINWEISE F\u00dcR DAS KONTAKTFORMULAR<\/h3>\n<p class=\"align-center\"><em>\u2013 Informationen nach Art. 13, 14 und 21 der Datenschutz-Grundverordnung (DSGVO) \u2013<\/em><\/p>\nLiebe Interessentinnen und Interessenten,<\/section>\n<section><\/section>\n<section><\/section>\n<section>nachfolgend informieren wir Sie \u00fcber die Verarbeitung Ihrer personenbezogenen Daten (Art. 4 Nr. 2 DSGVO) im Zusammenhang mit dem Kontaktformular der Webseite tsunagu.jpf.go.jp. In diesem Informationsblatt finden Sie Hinweise zum Umgang mit Ihren personenbezogenen Daten und die Ihnen nach den datenschutzrechtlichen Regelungen zustehenden Anspr\u00fcche und Rechte.\n<h4>1. Wer ist f\u00fcr die Datenverarbeitung verantwortlich und an wen kann ich mich wenden?<\/h4>\nVerantwortlich f\u00fcr die Verarbeitung Ihrer personenbezogener Daten ist: <br>Japanisches Kulturinstitut, Universit\u00e4tsstra\u00dfe 98, 50674 K\u00f6ln<\/section>\n<section>Sie erreichen den betrieblichen Datenschutzbeauftragten unter: <br>Japanisches Kulturinstitut, Universit\u00e4tsstra\u00dfe 98, 50674 K\u00f6ln oder <span style=\"font-size: 17.6px;\">E-Mail:&nbsp;<\/span><span style=\"font-size: 17.6px;\">toiawase[at]tsunagu.jpf.go.jp<\/span>\n<h4>2. Verarbeitete Daten und dazugeh\u00f6rige Quellen<\/h4>\nIm Rahmen des Kontaktformulars verarbeiten wir die folgenden Daten bzw. Kategorien von Daten:\n<h5>a) Daten, die wir von Ihnen im Rahmen der Registrierung erhalten haben<\/h5>\nWir verarbeiten folgende Daten bzw. Kategorien von Daten, die wir von Ihnen direkt erhalten haben:\n<ul>\n<li>\u30fbStammdaten (Name, E-Mail Adresse)<\/li>\n<li><span style=\"font-size: 17.6px;\">\u30fb<\/span>Nutzungsdaten (z.B. IP Adresse, die aufgerufene Website, Datum und Uhrzeit des Abrufs)<\/li>\n<li><span style=\"font-size: 17.6px;\">\u30fb<\/span>Inhalt Ihrer Anfrage<\/li>\n<li><span style=\"font-size: 17.6px;\">\u30fb<\/span>Datenschutzrechtliche Erkl\u00e4rungen:\n<ul>\n<li>\u3000- Einwilligungserkl\u00e4rungen zur Verarbeitung von personenbezogenen Daten;<\/li>\n<li>\u3000- Erkl\u00e4rungen zum Widerruf etwaiger von Ihnen erteilter Einwilligungen;<\/li>\n<li>\u3000- Erkl\u00e4rungen zum Widerspruch gegen die Verarbeitung personenbezogener Daten;<\/li>\n<li>\u3000- Erkl\u00e4rungen zur Geltendmachung Ihrer Rechte auf Auskunft, Berichtigung, L\u00f6schung, Einschr\u00e4nkung der Verarbeitung, Daten\u00fcbertragbarkeit einschlie\u00dflich der Informationen, die Sie uns bei der Geltendmachung Ihrer Rechte mitteilen.<\/li>\n<\/ul>\n<\/li>\n<\/ul>\n<h5>b) Daten, die wir von Dritten erhalten<\/h5>\nWir verarbeiten keine Daten bzw. Kategorien von Daten, die wir von Dritten erhalten.\n<h4>3. Wie lange werden meine Daten gespeichert?<\/h4>\nWir speichern Ihre Daten nur so lange bis Ihre Anfrage beantwortet wird.\n<h4>4. Zu welchen Zwecken verarbeiten wir Ihre Daten und auf welcher Rechtsgrundlage?<\/h4>\nWir verarbeiten Ihre personenbezogenen Daten im Einklang mit den Bestimmungen der Europ\u00e4ischen Datenschutz-Grundverordnung (DSGVO) und dem Bundesdatenschutzgesetz (BDSG) zu verschiedenen Zwecken. Grunds\u00e4tzlich kommen als Zwecke der Verarbeitung in Betracht: Die Verarbeitung zur Anbahnung und Durchf\u00fchrung von Vertragsverh\u00e4ltnissen (Art. 6 Abs. 1 lit. b) DSGVO), aufgrund gesetzlicher Vorgaben (Art. 6 Abs. 1 lit c) DSGVO, zur Wahrung berechtigter Interessen (Art. 6 Abs. 1 lit. f DSGVO), aufgrund Ihrer Einwilligung (Art. 6 Abs. 1 lit. a) DSGVO). Die weiteren Einzelheiten zum Zweck der Datenverarbeitung k\u00f6nnen Sie der untenstehenden Liste entnehmen.\n<ul>\n<li style=\"padding: 1rem 0;\"><strong>Zweck \/ berechtigtes Interesse<\/strong>: Beantwortung Ihrer Anfrage<br><strong>Verarbeitete Daten bzw. Kategorie von Daten<\/strong>: Stammdaten, Inhalt Ihrer Anfrage<br><strong>Rechtsgrundlage(n)<\/strong>: Art. 6 Abs. 1 lit f DSGVO<\/li>\n<li style=\"padding: 1rem 0;\"><strong>Zweck \/ berechtigtes Interesse<\/strong>: Betroffenenrechtemanagement (Bearbeiter von Anfragen betroffener Personen zu Auskunft, Berichtigung, L\u00f6schung, Einschr\u00e4nkung der Verarbeitung und Daten\u00fcbertragbarkeit zur Erf\u00fcllung der datenschutzrechtlichen Rechte der betroffenen Personen)<br><strong>Verarbeitete Daten bzw. Kategorie von Daten<\/strong>: Alle Daten bzw. Kategorien von Daten, die Gegenstand der jeweiligen Anfrage sind.<br><strong>Rechtsgrundlage(n)<\/strong>: Art. 6 Abs. 1 lit.c DSGVO<\/li>\n<\/ul>\n<h4>5. Wer bekommt meine Daten?<\/h4>\nInnerhalb des Japanischen Kulturinstituts und dem Team Motto Tsunagu, Mitverwalter der Webseite, erhalten nur diejenigen Stellen Ihre Daten, die mit dem Kontaktformular betraut sind. Als Webhoster wird Hosteurope&nbsp;verwendet. Ihre Daten werden dabei an die Host Europe GmbH, Hansestrasse 111, 51149 K\u00f6ln \u00fcbermittelt. Host Europe ist es dabei untersagt, Ihre Daten zu verkaufen und f\u00fcr andere Zwecke, als f\u00fcr die Weiterleitung Ihrer Anfrage an den oben genannten Stellen zu nutzen. Zum Schutze Ihrer Daten haben wir mit Host Europe&nbsp;einen Vertrag zur Auftragsverarbeitung nach Art. 28 DSGVO abgeschlossen. Host Europe ist ein deutscher, zertifizierter Anbieter, welcher nach den Anforderungen der Datenschutz-Grundverordnung und des Bundesdatenschutzgesetzes ausgew\u00e4hlt wurde. Weitere Informationen finden Sie hier:&nbsp;<a href=\"https:\/\/www.hosteurope.de\/AGB\/Datenschutzerklaerung\/\" target=\"_blank\" rel=\"noopener\">https:\/\/www.hosteurope.de\/AGB\/Datenschutzerklaerung\/<\/a>\n<h4>6. Werden Daten in ein Drittland oder an eine internationale Organisation \u00fcbermittelt?<\/h4>\nNein, Ihre Daten werden nicht in ein Drittland oder an eine internationale Organisation \u00fcbermittelt.\n<h4>7. Besteht f\u00fcr mich eine Pflicht zur Bereitstellung von Daten?<\/h4>\nEs besteht f\u00fcr Sie keine Pflicht zur Bereitstellung von Daten. Ohne die Bereitstellung der Daten k\u00f6nnen wir aber keine Anfragen von Ihnen bearbeiten.\n<h4>8. Inwieweit gibt es eine automatisierte Entscheidungsfindung im Einzelfall?<\/h4>\nUnsere Entscheidungsfindungen beruhen nicht auf einer automatisierten Verarbeitung gem\u00e4\u00df Artikel 22 DSGVO.\n<h4>9. Inwieweit werden meine Daten f\u00fcr die Profilbildung genutzt?<\/h4>\nIhre Daten werden nicht zu einer Profilbildung (Profiling) genutzt. Profiling ist jede Art der automatisierten Verarbeitung personenbezogener Daten, die darin besteht, dass diese Daten verwendet werden, um bestimmte pers\u00f6nliche Aspekte zu analysieren oder vorherzusagen.\n<h4>10. Welche Datenschutzrechte habe ich?<\/h4>\nJede betroffene Person hat das Recht auf&nbsp;<strong>Auskunft<\/strong>&nbsp;nach Art. 15 DSGVO, das Recht auf&nbsp;<strong>Berichtigung<\/strong>&nbsp;nach Art. 16 DSGVO, das Recht auf&nbsp;<strong>L\u00f6schung<\/strong>&nbsp;nach Art. 17 DSGVO, das Recht auf&nbsp;<strong>Einschr\u00e4nkung der Verarbeitung<\/strong>&nbsp;nach Art. 18 DSGVO sowie das Recht auf&nbsp;<strong>Daten\u00fcbertragbarkeit<\/strong>&nbsp;nach Art. 20 DSGVO. Zur Aus\u00fcbung der vorgenannten Rechte k\u00f6nnen Sie sich an die im Abschnitt \u2013 Allgemeine Informationen \u201eWer ist f\u00fcr die Datenverarbeitung verantwortlich und an wen kann ich mich wenden?\u201c genannten Stellen wenden. Soweit die Verarbeitung Ihrer personenbezogenen Daten zur Wahrnehmung unserer berechtigten Interessen gem\u00e4\u00df Art. 6 Abs. 1 lit. f) DSGVO erfolgt, k\u00f6nnen Sie dieser Verarbeitung nach Ma\u00dfgabe der gesetzlichen Vorgaben in Art. 21 DSGVO widersprechen. Weitere Hinweise zu Ihrem Widerspruchsrecht finden Sie am Ende dieser Datenschutzhinweise in der \u201eInformation \u00fcber Ihr Widerspruchsrecht nach Artikel 21 DSGVO\u201c. Dar\u00fcber hinaus besteht ein Beschwerderecht bei einer Datenschutzaufsichtsbeh\u00f6rde (Art. 77 DSGVO), wenn Sie der Ansicht sind, dass die Verarbeitung Ihrer personenbezogenen Daten nicht rechtm\u00e4\u00dfig erfolgt. Das Beschwerderecht besteht unbeschadet eines anderweitigen verwaltungsrechtlichen oder gerichtlichen Rechtsbehelfs. Die f\u00fcr unser Unternehmen zust\u00e4ndige Datenschutzaufsichtsbeh\u00f6rde ist: Landesbeauftragte f\u00fcr Datenschutz und Informationsfreiheit Nordrhein-Westfalen (LDI NRW), Kavalleriestr. 2-4, 40213 D\u00fcsseldorf.\n<h4 class=\"align-center\">Information \u00fcber Ihr Widerspruchsrecht nach Art. 21 Datenschutz-Grundverordnung (DSGVO)<\/h4>\nSie haben das Recht, aus Gr\u00fcnden, die sich aus Ihrer besonderen Situation ergeben, jederzeit gegen die Verarbeitung Sie betreffender personenbezogener Daten, die aufgrund von Artikel 6 Abs. 1 lit. f) der DSGVO (Datenverarbeitung auf der Grundlage einer Interessenabw\u00e4gung) erfolgt, Widerspruch einzulegen; dies gilt auch f\u00fcr ein etwaiges auf diese Bestimmung gest\u00fctztes Profiling im Sinne von Artikel 4 Nr. 4 DSGVO. Legen Sie Widerspruch ein, werden wir Ihre personenbezogenen Daten nicht mehr verarbeiten, es sei denn, wir k\u00f6nnen zwingende schutzw\u00fcrdige Gr\u00fcnde f\u00fcr die Verarbeitung nachweisen, die Ihre Interessen, Rechte und Freiheiten \u00fcberwiegen, oder die Verarbeitung dient der Geltendmachung, Aus\u00fcbung oder Verteidigung von Rechtsanspr\u00fcchen. Der Widerspruch kann formfrei erfolgen und sollte m\u00f6glichst an die in den Datenschutzhinweisen im Abschnitt - \u201eWer ist f\u00fcr die Datenverarbeitung verantwortlich und an wen kann ich mich wenden?\u201c genannten Stellen gerichtet werden.<\/section><\/div><\/div><div class=\"vce-text-block bgwh\"><div class=\"vce-text-block-wrapper vce\" id=\"el-48fc6029\" data-vce-do-apply=\"all el-48fc6029\"><section><h3 class=\"align-center\">EINSATZ VON GOOGLE ANALYTICS<\/h3><p>Diese Website benutzt Google Analytics, einen Webanalysedienst der Google Inc. (\u201eGoogle\u201c).<\/p><p>Google Analytics verwendet sog. \u201eCookies\u201c, Textdateien, die auf Ihrem Computer gespeichert werden und die eine Analyse der Benutzung der Website durch Sie erm\u00f6glichen.<\/p><p>Durch den Einsatz von Google Analytics werden folgende Daten erhoben:<\/p><ul><li>&nbsp;Session-ID<\/li><li>Standort (Land und Stadt)<\/li><li>Netzwerk<\/li><li>Ger\u00e4t (PC, Tablet oder Smartphone) und Ger\u00e4tetyp<\/li><li>Betriebssystem und Browser<\/li><li>Sprache<\/li><li>Besucherquelle (Google, Facebook oder sonstige verweisende Webseite)<\/li><li>Nutzerfluss (welche Seiten wurden betrachtet?)<\/li><li>Aufenthaltsdauer auf der Seite<\/li><\/ul><p>Die im Rahmen von Google Analytics von Ihrem Browser \u00fcbermittelte IP-Adresse wird nicht mit anderen Daten von Google zusammengef\u00fchrt.<\/p><p>Ihre \u00fcber Google Analytics erhobenen personenbezogenen Daten werden nach 14 Monaten gel\u00f6scht.<\/p><p>Sie k\u00f6nnen die Speicherung der Cookies durch eine entsprechende Einstellung Ihrer Browser-Software verhindern; wir weisen Sie jedoch darauf hin, dass Sie in diesem Fall gegebenenfalls nicht s\u00e4mtliche Funktionen dieser Website vollumf\u00e4nglich werden nutzen k\u00f6nnen.<\/p><p>Sie k\u00f6nnen dar\u00fcber hinaus die Erfassung der durch das Cookie erzeugten und auf Ihre Nutzung der Website bezogenen Daten (inkl. Ihrer IP-Adresse) an Google sowie die Verarbeitung dieser Daten durch Google verhindern, indem sie das unter dem folgenden Link verf\u00fcgbare Browser-Plug-in herunterladen und installieren:&nbsp;<a class=\"external-link-new-window\" title=\"Opens external link in new window\" href=\"http:\/\/tools.google.com\/dlpage\/gaoptout?hl=de\">http:\/\/tools.google.com\/dlpage\/gaoptout?hl=de<\/a>.<\/p><p>Als Alternative zum Browser Add-On oder auf mobilen Ger\u00e4ten haben Sie die M\u00f6glichkeit, die Erfassung von Daten durch Google Analytics \u00fcber diesen Link zu deaktivieren. Durch Klicken des Links wird ein sogenanntes Opt Out Cookie in Ihrem Browser abgelegt. Das Opt Out funktioniert nur f\u00fcr die Webseite des JKI und nur f\u00fcr diesen Browser. L\u00f6schen Sie Ihre Cookies, m\u00fcssen Sie auch den Link erneut klicken.<\/p><p>Die durch den Cookie von Google Analytics erzeugten Informationen \u00fcber Ihre Benutzung dieser Website werden in der Regel an einen Server von Google in den USA \u00fcbertragen und dort gespeichert. Im Falle der Aktivierung der IP-Anonymisierung auf dieser Website, wird Ihre IP-Adresse von Google jedoch innerhalb von Mitgliedstaaten der Europ\u00e4ischen Union oder in anderen Vertragsstaaten des Abkommens \u00fcber den Europ\u00e4ischen Wirtschaftsraum zuvor gek\u00fcrzt. Nur in Ausnahmef\u00e4llen wird die volle IP-Adresse an einen Server von Google in den USA \u00fcbertragen und dort gek\u00fcrzt.<\/p><p>Die Muttergesellschaft der Google-Konzerngruppe, die Google LLC, ist gem\u00e4\u00df den Privacy-Shield-Grunds\u00e4tzen selbst und f\u00fcr ihre hundertprozentigen US-Tochtergesellschaften zertifiziert. Bez\u00fcglich des Privacy-Shield besteht ein Angemessenheitsbeschluss der EU-Kommission.<\/p><\/section><\/div><\/div><\/div><\/div><\/div><\/div><\/div><\/div><\/div><\/div><\/div><\/div><\/div><\/div>\n","protected":false},"excerpt":{"rendered":"<p>Vielen Dank f\u00fcr Ihren Besuch auf der Webseite des Japanischen Kulturinstitutes. Im Rahmen der Anmeldung und des Versandes des Newsletters, f\u00fcr die Nutzung der Portfolio-Dateien sammelt und verarbeitet das JKI personenbezogene Daten. Der Schutz und die Sicherheit Ihrer Daten ist dabei auch f\u00fcr das JKI von gr\u00f6\u00dftem Interesse. Die Verarbeitung Ihrer Daten erfolgt dabei auf der Grundlage der DSGVO. In der folgenden Datenschutzerkl\u00e4rung m\u00f6chten wir Sie genau dar\u00fcber aufkl\u00e4ren, welche Daten von uns erhoben werden und wie diese verarbeitet werden.DATENSCHUTZHINWEISE F\u00dcR DIE MITGLIEDERVERWALTUNG DER WEBSEITE\u2013 Informationen nach Art. 13, 14 und 21 der Datenschutz-Grundverordnung (DSGVO) \u2013Liebe Interessentinnen und Interessenten,nachfolgend informieren wir Sie \u00fcber die Verarbeitung Ihrer personenbezogenen Daten (Art. 4 [&hellip;]<\/p>\n","protected":false},"author":1,"featured_media":0,"parent":0,"menu_order":10,"comment_status":"closed","ping_status":"closed","template":"","meta":{"_acf_changed":false,"footnotes":""},"class_list":["post-236","page","type-page","status-publish","hentry"],"acf":[],"aioseo_notices":[],"_links":{"self":[{"href":"https:\/\/tsunagu.jpf.go.jp\/de\/wp-json\/wp\/v2\/pages\/236","targetHints":{"allow":["GET"]}}],"collection":[{"href":"https:\/\/tsunagu.jpf.go.jp\/de\/wp-json\/wp\/v2\/pages"}],"about":[{"href":"https:\/\/tsunagu.jpf.go.jp\/de\/wp-json\/wp\/v2\/types\/page"}],"author":[{"embeddable":true,"href":"https:\/\/tsunagu.jpf.go.jp\/de\/wp-json\/wp\/v2\/users\/1"}],"replies":[{"embeddable":true,"href":"https:\/\/tsunagu.jpf.go.jp\/de\/wp-json\/wp\/v2\/comments?post=236"}],"version-history":[{"count":1,"href":"https:\/\/tsunagu.jpf.go.jp\/de\/wp-json\/wp\/v2\/pages\/236\/revisions"}],"predecessor-version":[{"id":3302,"href":"https:\/\/tsunagu.jpf.go.jp\/de\/wp-json\/wp\/v2\/pages\/236\/revisions\/3302"}],"wp:attachment":[{"href":"https:\/\/tsunagu.jpf.go.jp\/de\/wp-json\/wp\/v2\/media?parent=236"}],"curies":[{"name":"wp","href":"https:\/\/api.w.org\/{rel}","templated":true}]}}