{"id":231,"date":"2021-03-20T22:28:07","date_gmt":"2021-03-20T13:28:07","guid":{"rendered":"https:\/\/tsunagu.jpf.go.jp\/?page_id=231"},"modified":"2025-06-23T15:41:58","modified_gmt":"2025-06-23T13:41:58","slug":"impressum","status":"publish","type":"page","link":"https:\/\/tsunagu.jpf.go.jp\/de\/impressum\/","title":{"rendered":"Impressum"},"content":{"rendered":"<div class=\"vce-row-container\"><div class=\"vce-row vce-row--col-gap-0 vce-row-equal-height vce-row-content--top\" data-vce-full-width=\"true\" id=\"el-7dd23e5f\" data-vce-do-apply=\"all el-7dd23e5f\"><div class=\"vce-row-content\" data-vce-element-content=\"true\"><div class=\"vce-col vce-col--md-auto vce-col--xs-1 vce-col--xs-last vce-col--xs-first vce-col--sm-last vce-col--sm-first vce-col--md-last vce-col--lg-last vce-col--xl-last vce-col--md-first vce-col--lg-first vce-col--xl-first\" id=\"el-8f9608c3\"><div class=\"vce-col-inner\" data-vce-do-apply=\"border margin background  el-8f9608c3\"><div class=\"vce-col-content\" data-vce-element-content=\"true\" data-vce-do-apply=\"padding el-8f9608c3\"><div class=\"vce-row-container\" data-vce-boxed-width=\"true\"><div class=\"vce-row vce-row--col-gap-0 wrapper vce-row-equal-height vce-row-content--top\" id=\"el-8e49844a\" data-vce-do-apply=\"all el-8e49844a\"><div class=\"vce-row-content\" data-vce-element-content=\"true\"><div class=\"vce-col vce-col--md-auto vce-col--xs-1 vce-col--xs-last vce-col--xs-first vce-col--sm-last vce-col--sm-first vce-col--md-last vce-col--lg-last vce-col--xl-last vce-col--md-first vce-col--lg-first vce-col--xl-first\" id=\"el-77ed6f7c\"><div class=\"vce-col-inner\" data-vce-do-apply=\"border margin background  el-77ed6f7c\"><div class=\"vce-col-content\" data-vce-element-content=\"true\" data-vce-do-apply=\"padding el-77ed6f7c\"><div class=\"vce-text-block\"><div class=\"vce-text-block-wrapper vce\" id=\"el-836abf3c\" data-vce-do-apply=\"all el-836abf3c\"><h3>Japanisches Kulturinstitut (The Japan Foundation)<\/h3>\n<p>Universit\u00e4tsstra\u00dfe 98<br>50674 K\u00f6ln<\/p>\n<p>Telefon: + 49 (0) 2 21 \/ 94 05 58 0<br>Telefax: + 49 (0) 2 21 \/ 94 05 58 9<br>Email: toiawase<a>(at)tsunagu.jpf.go.jp<\/a><\/p>\n<p>Direktor: MURATA Harufumi<br>Inhaltlich verantwortlich gem\u00e4\u00df \u00a7 6 MDStV: HIRUTA Mari<\/p>\n<h3>Haftungshinweis<\/h3>\n<p>Trotz sorgf\u00e4ltiger inhaltlicher Kontrolle \u00fcbernehmen wir keine Haftung f\u00fcr die Inhalte externer Links. F\u00fcr den Inhalt der verlinkten Seiten sind ausschlie\u00dflich deren Betreiber verantwortlich.<\/p>\n<p>Das Japanische Kulturinstitut \u00fcbernimmt keine Gew\u00e4hr f\u00fcr die Aktualit\u00e4t, Richtigkeit und Vollst\u00e4ndigkeit der Informationen auf diesen Seiten. Weiterhin schlie\u00dft das Japanische Kulturinstitut ihre Haftung bei Serviceleistungen, insbesondere beim Download von durch das Japanische Kulturinstitut zur Verf\u00fcgung gestellten Dateien auf den Internetseiten des Japanischen Kulturinstituts, der f\u00fcr leicht fahrl\u00e4ssige Pflichtverletzungen aus.<\/p>\n<h3>\u00a9 Copyright 2021, Japanisches Kulturinstitut<\/h3>\n<p>Alle Rechte vorbehalten. Text, Bilder, Grafiken, Ton, Animationen und Videos sowie deren Anordnung auf der Japanischen Kulturinstitut Webseite unterliegen dem Schutz des Urheberrechts und anderer Schutzgesetze. Der Inhalt dieser Website darf nicht zu kommerziellen Zwecken kopiert, verbreitet, ver\u00e4ndert oder Dritten zug\u00e4nglich gemacht werden. Einige Seiten enthalten au\u00dferdem Bilder, die dem Copyright Dritter unterliegen.<\/p><\/div><\/div><\/div><\/div><\/div><\/div><\/div><\/div><\/div><\/div><\/div><\/div><\/div><\/div>\n","protected":false},"excerpt":{"rendered":"<p>Japanisches Kulturinstitut (The Japan Foundation) Universit\u00e4tsstra\u00dfe 9850674 K\u00f6ln Telefon: + 49 (0) 2 21 \/ 94 05 58 0Telefax: + 49 (0) 2 21 \/ 94 05 58 9Email: toiawase(at)tsunagu.jpf.go.jp Direktor: MURATA HarufumiInhaltlich verantwortlich gem\u00e4\u00df \u00a7 6 MDStV: HIRUTA Mari Haftungshinweis Trotz sorgf\u00e4ltiger inhaltlicher Kontrolle \u00fcbernehmen wir keine Haftung f\u00fcr die Inhalte externer Links. F\u00fcr den Inhalt der verlinkten Seiten sind ausschlie\u00dflich deren Betreiber verantwortlich. Das Japanische Kulturinstitut \u00fcbernimmt keine Gew\u00e4hr f\u00fcr die Aktualit\u00e4t, Richtigkeit und Vollst\u00e4ndigkeit der Informationen auf diesen Seiten. Weiterhin schlie\u00dft das Japanische Kulturinstitut ihre Haftung bei Serviceleistungen, insbesondere beim Download von durch das Japanische Kulturinstitut zur Verf\u00fcgung gestellten Dateien auf den Internetseiten des Japanischen Kulturinstituts, der [&hellip;]<\/p>\n","protected":false},"author":1,"featured_media":0,"parent":0,"menu_order":98,"comment_status":"closed","ping_status":"closed","template":"","meta":{"_acf_changed":false,"footnotes":""},"class_list":["post-231","page","type-page","status-publish","hentry"],"acf":[],"aioseo_notices":[],"_links":{"self":[{"href":"https:\/\/tsunagu.jpf.go.jp\/de\/wp-json\/wp\/v2\/pages\/231","targetHints":{"allow":["GET"]}}],"collection":[{"href":"https:\/\/tsunagu.jpf.go.jp\/de\/wp-json\/wp\/v2\/pages"}],"about":[{"href":"https:\/\/tsunagu.jpf.go.jp\/de\/wp-json\/wp\/v2\/types\/page"}],"author":[{"embeddable":true,"href":"https:\/\/tsunagu.jpf.go.jp\/de\/wp-json\/wp\/v2\/users\/1"}],"replies":[{"embeddable":true,"href":"https:\/\/tsunagu.jpf.go.jp\/de\/wp-json\/wp\/v2\/comments?post=231"}],"version-history":[{"count":3,"href":"https:\/\/tsunagu.jpf.go.jp\/de\/wp-json\/wp\/v2\/pages\/231\/revisions"}],"predecessor-version":[{"id":4346,"href":"https:\/\/tsunagu.jpf.go.jp\/de\/wp-json\/wp\/v2\/pages\/231\/revisions\/4346"}],"wp:attachment":[{"href":"https:\/\/tsunagu.jpf.go.jp\/de\/wp-json\/wp\/v2\/media?parent=231"}],"curies":[{"name":"wp","href":"https:\/\/api.w.org\/{rel}","templated":true}]}}