{"id":16,"date":"2021-03-19T06:01:19","date_gmt":"2021-03-19T05:01:19","guid":{"rendered":"https:\/\/tsunagu.jpf.go.jp\/%e3%83%88%e3%83%83%e3%83%97%e3%83%9a%e3%83%bc%e3%82%b8-deutsch\/"},"modified":"2021-07-09T23:39:25","modified_gmt":"2021-07-09T21:39:25","slug":"home","status":"publish","type":"page","link":"https:\/\/tsunagu.jpf.go.jp\/de\/","title":{"rendered":"Home"},"content":{"rendered":"<p>In Europa treffen verschiedene Sprachen und Kulturen aufeinander und verschmelzen miteinander.<br class=\"nosp\"><br \/>\nHier wurde der plurilinguale und multikulturelle Gedanke geboren. N\u00e4mlich die Haltung, die individuell gepr\u00e4gte <em>eigene Sprache und Kultur<\/em> zu pflegen und Respekt f\u00fcr die anderer Menschen aufzubringen. <\/p>\n","protected":false},"excerpt":{"rendered":"<p>In Europa treffen verschiedene Sprachen und Kulturen aufeinander und verschmelzen miteinander. Hier wurde der plurilinguale und multikulturelle Gedanke geboren. N\u00e4mlich die Haltung, die individuell gepr\u00e4gte eigene Sprache und Kultur zu pflegen und Respekt f\u00fcr die anderer Menschen aufzubringen.<\/p>\n","protected":false},"author":1,"featured_media":0,"parent":0,"menu_order":1,"comment_status":"closed","ping_status":"closed","template":"","meta":{"_acf_changed":false,"footnotes":""},"class_list":["post-16","page","type-page","status-publish","hentry"],"acf":[],"aioseo_notices":[],"_links":{"self":[{"href":"https:\/\/tsunagu.jpf.go.jp\/de\/wp-json\/wp\/v2\/pages\/16","targetHints":{"allow":["GET"]}}],"collection":[{"href":"https:\/\/tsunagu.jpf.go.jp\/de\/wp-json\/wp\/v2\/pages"}],"about":[{"href":"https:\/\/tsunagu.jpf.go.jp\/de\/wp-json\/wp\/v2\/types\/page"}],"author":[{"embeddable":true,"href":"https:\/\/tsunagu.jpf.go.jp\/de\/wp-json\/wp\/v2\/users\/1"}],"replies":[{"embeddable":true,"href":"https:\/\/tsunagu.jpf.go.jp\/de\/wp-json\/wp\/v2\/comments?post=16"}],"version-history":[{"count":0,"href":"https:\/\/tsunagu.jpf.go.jp\/de\/wp-json\/wp\/v2\/pages\/16\/revisions"}],"wp:attachment":[{"href":"https:\/\/tsunagu.jpf.go.jp\/de\/wp-json\/wp\/v2\/media?parent=16"}],"curies":[{"name":"wp","href":"https:\/\/api.w.org\/{rel}","templated":true}]}}