{"id":1309,"date":"2021-03-21T20:22:04","date_gmt":"2021-03-21T11:22:04","guid":{"rendered":"https:\/\/tsunagu.jpf.go.jp\/?page_id=1309"},"modified":"2025-07-04T19:30:23","modified_gmt":"2025-07-04T17:30:23","slug":"register","status":"publish","type":"page","link":"https:\/\/tsunagu.jpf.go.jp\/de\/register\/","title":{"rendered":"Registrieren"},"content":{"rendered":"\n<div class=\"wp-block-group wrapper\"><div class=\"wp-block-group__inner-container is-layout-constrained wp-block-group-is-layout-constrained\">\n<section class=\"wp-block-group bgwh\"><div class=\"wp-block-group__inner-container is-layout-constrained wp-block-group-is-layout-constrained\">\n<div class=\"wp-block-group page-txt\"><div class=\"wp-block-group__inner-container is-layout-constrained wp-block-group-is-layout-constrained\">\n<h3 class=\"wp-block-heading\">Bitte registrieren Sie sich f\u00fcr die Nutzung<\/h3>\n\n\n\n<p>Wenn Sie \u201eMein Sprachenportfolio\u201c nutzen m\u00f6chten, registrieren Sie sich bitte \u00fcber das folgende Registrierungsformular.<\/p>\n\n\n\n<p>Ihre angegebene Adresse wird ausschlie\u00dflich f\u00fcr Benachrichtigungen zu unseren Seminaren und Veranstaltungen verwendet. Wir versichern Ihnen, dass Ihre pers\u00f6nlichen Daten nicht an Dritte weitergegeben werden.<\/p>\n\n\n\n<p>F\u00fcr weitere Informationen zu Ihren pers\u00f6nlichen Daten lesen Sie bitte die &#8222;<a href=\"https:\/\/tsunagu.jpf.go.jp\/de\/datenschutzerklaerung\/\">Datenschutzerkl\u00e4rung<\/a>&#8220; dieser Website.<\/p>\n<\/div><\/div>\n\n\n\n<script id=\"n2g_script\">!function(e,t,n,c,r,a,i){e.Newsletter2GoTrackingObject=r,e[r]=e[r]||function(){(e[r].q=e[r].q||[]).push(arguments)},e[r].l=1*new Date,a=t.createElement(n),i=t.getElementsByTagName(n)[0],a.async=1,a.src=c,i.parentNode.insertBefore(a,i)}(window,document,\"script\",\"https:\/\/static.newsletter2go.com\/utils.js\",\"n2g\");var config = {\"container\": {\"type\": \"div\",\"class\": \"\",\"style\": \"\"},\"row\": {\"type\": \"div\",\"class\": \"\",\"style\": \"margin-top: 15px;\"},\"columnLeft\": {\"type\": \"div\",\"class\": \"\",\"style\": \"\"},\"columnRight\": {\"type\": \"div\",\"class\": \"\",\"style\": \"\"},\"label\": {\"type\": \"label\",\"class\": \"\",\"style\": \"\"}};n2g('create', 'nohyf0mr-5jf9dper-17i9');n2g('subscribe:createForm', config);<\/script>\n<\/div><\/section>\n<\/div><\/div>\n\n\n\n<div style=\"height:100px\" aria-hidden=\"true\" class=\"wp-block-spacer\"><\/div>\n","protected":false},"excerpt":{"rendered":"<p>Bitte registrieren Sie sich f\u00fcr die Nutzung Wenn Sie \u201eMein Sprachenportfolio\u201c nutzen m\u00f6chten, registrieren Sie sich bitte \u00fcber das folgende Registrierungsformular. Ihre angegebene Adresse wird ausschlie\u00dflich f\u00fcr Benachrichtigungen zu unseren Seminaren und Veranstaltungen verwendet. Wir versichern Ihnen, dass Ihre pers\u00f6nlichen Daten nicht an Dritte weitergegeben werden. F\u00fcr weitere Informationen zu Ihren pers\u00f6nlichen Daten lesen Sie bitte die &#8222;Datenschutzerkl\u00e4rung&#8220; dieser Website.<\/p>\n","protected":false},"author":1,"featured_media":0,"parent":0,"menu_order":13,"comment_status":"closed","ping_status":"closed","template":"","meta":{"_acf_changed":false,"footnotes":""},"class_list":["post-1309","page","type-page","status-publish","hentry"],"acf":[],"aioseo_notices":[],"_links":{"self":[{"href":"https:\/\/tsunagu.jpf.go.jp\/de\/wp-json\/wp\/v2\/pages\/1309","targetHints":{"allow":["GET"]}}],"collection":[{"href":"https:\/\/tsunagu.jpf.go.jp\/de\/wp-json\/wp\/v2\/pages"}],"about":[{"href":"https:\/\/tsunagu.jpf.go.jp\/de\/wp-json\/wp\/v2\/types\/page"}],"author":[{"embeddable":true,"href":"https:\/\/tsunagu.jpf.go.jp\/de\/wp-json\/wp\/v2\/users\/1"}],"replies":[{"embeddable":true,"href":"https:\/\/tsunagu.jpf.go.jp\/de\/wp-json\/wp\/v2\/comments?post=1309"}],"version-history":[{"count":6,"href":"https:\/\/tsunagu.jpf.go.jp\/de\/wp-json\/wp\/v2\/pages\/1309\/revisions"}],"predecessor-version":[{"id":4623,"href":"https:\/\/tsunagu.jpf.go.jp\/de\/wp-json\/wp\/v2\/pages\/1309\/revisions\/4623"}],"wp:attachment":[{"href":"https:\/\/tsunagu.jpf.go.jp\/de\/wp-json\/wp\/v2\/media?parent=1309"}],"curies":[{"name":"wp","href":"https:\/\/api.w.org\/{rel}","templated":true}]}}